{"id":53,"date":"2017-04-07T14:53:49","date_gmt":"2017-04-07T14:53:49","guid":{"rendered":"http:\/\/escoladomino.com.br\/site\/?page_id=53"},"modified":"2025-09-26T11:02:51","modified_gmt":"2025-09-26T19:02:51","slug":"a-escola","status":"publish","type":"page","link":"https:\/\/escoladomino.com.br\/site\/a-escola\/","title":{"rendered":"A Escola"},"content":{"rendered":"<p>[et_pb_section fb_built=&#8221;1&#8243; fullwidth=&#8221;on&#8221; admin_label=&#8221;section&#8221; _builder_version=&#8221;3.0.47&#8243; background_image=&#8221;http:\/\/escoladomino.com.br\/site\/wp-content\/uploads\/2017\/04\/banner_quem-somos-domino.jpg&#8221; custom_padding=&#8221;0px|0px|407px|0px&#8221;][\/et_pb_section][et_pb_section fb_built=&#8221;1&#8243; admin_label=&#8221;section&#8221; _builder_version=&#8221;3.0.74&#8243; transparent_background=&#8221;off&#8221; global_module=&#8221;491&#8243;][et_pb_row admin_label=&#8221;row&#8221; _builder_version=&#8221;3.0.48&#8243; background_size=&#8221;initial&#8221; background_position=&#8221;top_left&#8221; background_repeat=&#8221;repeat&#8221;][et_pb_column type=&#8221;4_4&#8243; _builder_version=&#8221;3.0.47&#8243; parallax=&#8221;off&#8221; parallax_method=&#8221;on&#8221;][et_pb_text admin_label=&#8221;Texto&#8221; _builder_version=&#8221;3.0.87&#8243; background_size=&#8221;initial&#8221; background_position=&#8221;top_left&#8221; background_repeat=&#8221;repeat&#8221; use_border_color=&#8221;off&#8221; border_style=&#8221;solid&#8221;]<\/p>\n<h1 style=\"text-align: center;\">Centro Educacional Domin\u00f3<\/h1>\n<h2 style=\"text-align: center;\"><b>Ensinar est\u00e1 no nosso DNA.<\/b><\/h2>\n<p>[\/et_pb_text][\/et_pb_column][\/et_pb_row][et_pb_row custom_padding=&#8221;25px|0px|25px|0px&#8221; admin_label=&#8221;row&#8221; _builder_version=&#8221;3.0.48&#8243; background_size=&#8221;initial&#8221; background_position=&#8221;top_left&#8221; background_repeat=&#8221;repeat&#8221;][et_pb_column type=&#8221;1_2&#8243; _builder_version=&#8221;3.0.47&#8243; parallax=&#8221;off&#8221; parallax_method=&#8221;on&#8221;][et_pb_image src=&#8221;http:\/\/escoladomino.com.br\/site\/wp-content\/uploads\/2017\/04\/palyground-escola-domino-1.jpg&#8221; admin_label=&#8221;Imagem&#8221; _builder_version=&#8221;3.0.87&#8243; animation_style=&#8221;slide&#8221; animation_direction=&#8221;left&#8221; animation_duration=&#8221;500ms&#8221; animation_intensity_slide=&#8221;10%&#8221; use_border_color=&#8221;off&#8221; border_color=&#8221;#ffffff&#8221; border_width=&#8221;1px&#8221; border_style=&#8221;solid&#8221; sticky=&#8221;off&#8221;][\/et_pb_image][\/et_pb_column][et_pb_column type=&#8221;1_2&#8243; _builder_version=&#8221;3.0.47&#8243; parallax=&#8221;off&#8221; parallax_method=&#8221;on&#8221;][et_pb_blurb title=&#8221; Centro Educacional Domin\u00f3&#8221; admin_label=&#8221;Blurb&#8221; _builder_version=&#8221;3.17.2&#8243; background_size=&#8221;initial&#8221; background_position=&#8221;top_left&#8221; background_repeat=&#8221;repeat&#8221; text_orientation=&#8221;center&#8221; use_border_color=&#8221;off&#8221; border_color=&#8221;#ffffff&#8221; border_width=&#8221;1px&#8221; border_style=&#8221;solid&#8221;]<\/p>\n<h1 style=\"text-align: center;\"><\/h1>\n<p style=\"text-align: justify;\"><span style=\"font-weight: 400;\">O Centro Educacional Domin\u00f3 est\u00e1 a mais de 30 anos na cidade de Jacare\u00ed. Possui uma base s\u00f3lida de valores que transmite aos seus alunos nas modalidades de ber\u00e7\u00e1rio, educa\u00e7\u00e3o infantil e Ensino fundamental do 1\u00b0 ao 5\u00b0 ano.<\/span><\/p>\n<p style=\"text-align: justify;\"><span style=\"font-weight: 400;\">Temos uma equipe de professores bem preparada e constantemente em forma\u00e7\u00e3o e aulas especiais como ingl\u00eas,\u00a0<\/span><span style=\"font-weight: 400;\">programa\u00e7\u00e3o e rob\u00f3tica,<\/span><span style=\"font-weight: 400;\">\u00a0jazz e Taekwondo. Para auxiliar na aprendizagem, tamb\u00e9m contamos com apoio profissionais especializados em psicopedagogia, psicologia e fonoaudiologia.<\/span><\/p>\n<p style=\"text-align: justify;\"><span style=\"font-weight: 400;\">Nossa escola oferece um sistema de ensino de ponta, com \u00eanfase no ingl\u00eas e literatura em portugu\u00eas e ingl\u00eas, garantindo aos alunos uma forma\u00e7\u00e3o bil\u00edngue completa e de qualidade<\/span><\/p>\n<p>[\/et_pb_blurb][\/et_pb_column][\/et_pb_row][et_pb_row admin_label=&#8221;row&#8221; _builder_version=&#8221;3.0.48&#8243; background_size=&#8221;initial&#8221; background_position=&#8221;top_left&#8221; background_repeat=&#8221;repeat&#8221;][et_pb_column type=&#8221;4_4&#8243; _builder_version=&#8221;3.0.47&#8243; parallax=&#8221;off&#8221; parallax_method=&#8221;on&#8221;][et_pb_text admin_label=&#8221;Texto&#8221; _builder_version=&#8221;3.0.87&#8243; background_size=&#8221;initial&#8221; background_position=&#8221;top_left&#8221; background_repeat=&#8221;repeat&#8221; use_border_color=&#8221;off&#8221; border_style=&#8221;solid&#8221;]<\/p>\n<p style=\"text-align: justify;\"><span style=\"font-weight: 400;\">Com proposta centrada na aprendizagem e na afetividade, buscamos formar cidad\u00e3os cr\u00edticos, conscientes e atuantes na sociedade, envolvendo-os num universo de carinho, de respeito e de constru\u00e7\u00e3o de conhecimento. Venha fazer parte da nossa fam\u00edlia!<\/span><\/p>\n<p>[\/et_pb_text][\/et_pb_column][\/et_pb_row][\/et_pb_section][et_pb_section fb_built=&#8221;1&#8243; _builder_version=&#8221;3.0.74&#8243; background_color=&#8221;#ff0055&#8243; custom_padding=&#8221;26px|0px|31px|0px&#8221;][et_pb_row _builder_version=&#8221;3.0.48&#8243; background_size=&#8221;initial&#8221; background_position=&#8221;top_left&#8221; background_repeat=&#8221;repeat&#8221;][et_pb_column type=&#8221;1_3&#8243; _builder_version=&#8221;3.0.47&#8243; parallax=&#8221;off&#8221; parallax_method=&#8221;on&#8221;][et_pb_text _builder_version=&#8221;3.0.74&#8243; background_size=&#8221;initial&#8221; background_position=&#8221;top_left&#8221; background_repeat=&#8221;repeat&#8221; background_layout=&#8221;dark&#8221;]<\/p>\n<p style=\"text-align: center;\"><span style=\"font-size: large;\"><strong>MISS\u00c3O<\/strong><\/span><\/p>\n<p style=\"text-align: center;\">Com proposta centrada na aprendizagem e na afetividade, buscamos formar cidad\u00e3os cr\u00edticos, conscientes e atuantes na sociedade, envolvendo-os num universo de carinho, de respeito e de constru\u00e7\u00e3o de conhecimento.<\/p>\n<p>[\/et_pb_text][\/et_pb_column][et_pb_column type=&#8221;1_3&#8243; _builder_version=&#8221;3.0.47&#8243; parallax=&#8221;off&#8221; parallax_method=&#8221;on&#8221;][et_pb_text _builder_version=&#8221;3.0.74&#8243; background_size=&#8221;initial&#8221; background_position=&#8221;top_left&#8221; background_repeat=&#8221;repeat&#8221; background_layout=&#8221;dark&#8221;]<\/p>\n<p style=\"text-align: center;\"><span style=\"font-size: large;\"><strong>VIS\u00c3O<\/strong><\/span><\/p>\n<p style=\"text-align: center;\">Ser agente de inicia\u00e7\u00e3o na vida acad\u00eamica e social dos pequenos para formar grandes cidad\u00e3os.<\/p>\n<p>[\/et_pb_text][\/et_pb_column][et_pb_column type=&#8221;1_3&#8243; _builder_version=&#8221;3.0.47&#8243; parallax=&#8221;off&#8221; parallax_method=&#8221;on&#8221;][et_pb_text _builder_version=&#8221;3.0.74&#8243; background_size=&#8221;initial&#8221; background_position=&#8221;top_left&#8221; background_repeat=&#8221;repeat&#8221; background_layout=&#8221;dark&#8221;]<\/p>\n<p style=\"text-align: center;\"><span style=\"font-size: large;\"><strong>VALORES<\/strong><\/span><\/p>\n<p style=\"text-align: center;\">A escola Domin\u00f3 trabalha para desenvolver alunos para a vida, municiando seus alunos com as ferramentas necess\u00e1rias para tornarem-se cidad\u00e3os melhores, dentre alguns destes valores, est\u00e3o: <br \/>C &#8211; Conhecimento H \u2013 Habilidades | A &#8211; Atitudes V \u2013 Valores | E &#8211; Entusiasmo<\/p>\n<p>[\/et_pb_text][\/et_pb_column][\/et_pb_row][\/et_pb_section][et_pb_section fb_built=&#8221;1&#8243; admin_label=&#8221;section&#8221; _builder_version=&#8221;3.0.74&#8243; background_color=&#8221;#3a3a3a&#8221; background_image=&#8221;http:\/\/escoladomino.com.br\/site\/wp-content\/uploads\/2017\/04\/SlideProfessora1b.jpg&#8221; parallax=&#8221;on&#8221; custom_padding=&#8221;5px|0px|0px|0px&#8221; custom_css_main_element=&#8221;height:480px&#8221;][et_pb_row admin_label=&#8221;Row&#8221; _builder_version=&#8221;3.0.48&#8243; background_size=&#8221;initial&#8221; background_position=&#8221;top_left&#8221; background_repeat=&#8221;repeat&#8221;][\/et_pb_row][\/et_pb_section][et_pb_section fb_built=&#8221;1&#8243; admin_label=&#8221;section&#8221; _builder_version=&#8221;3.0.47&#8243;][et_pb_row admin_label=&#8221;row&#8221; _builder_version=&#8221;3.0.48&#8243; background_size=&#8221;initial&#8221; background_position=&#8221;top_left&#8221; background_repeat=&#8221;repeat&#8221;][et_pb_column type=&#8221;1_2&#8243; _builder_version=&#8221;3.0.47&#8243; parallax=&#8221;off&#8221; parallax_method=&#8221;on&#8221;][et_pb_text admin_label=&#8221;Text&#8221; _builder_version=&#8221;3.0.74&#8243; background_size=&#8221;initial&#8221; background_position=&#8221;top_left&#8221; background_repeat=&#8221;repeat&#8221;]<\/p>\n<h2><b>Apoio psicopedag\u00f3gico<\/b><\/h2>\n<p style=\"text-align: justify;\"><span style=\"font-weight: 400;\">A Escola Domin\u00f3 conta com o apoio psicopedag\u00f3gico. Trata-se de uma atividade direcionada para o acompanhamento de alunos em conjunto dos docentes e funcion\u00e1rios da institui\u00e7\u00e3o e tem por miss\u00e3o garantir a aprendizagem de todos. Prevenir e zelar pelo desenvolvimento pessoal e social, visando ao sucesso no desempenho acad\u00eamico, com o apoio de profissionais especializados e caso necess\u00e1rio indicando o alunos a atendimentos individualizados.<\/span><\/p>\n<p>[\/et_pb_text][\/et_pb_column][et_pb_column type=&#8221;1_2&#8243; _builder_version=&#8221;3.0.47&#8243; parallax=&#8221;off&#8221; parallax_method=&#8221;on&#8221;][et_pb_text admin_label=&#8221;Text&#8221; _builder_version=&#8221;3.0.74&#8243; background_size=&#8221;initial&#8221; background_position=&#8221;top_left&#8221; background_repeat=&#8221;repeat&#8221;]<\/p>\n<h2 style=\"text-align: justify;\"><b>Apoio <\/b><b>Psicol\u00f3gico<\/b><\/h2>\n<p style=\"text-align: justify;\"><i><span style=\"font-weight: 400;\">&#8220;Tendo em vista as mudan\u00e7as sociais e tecnol\u00f3gicas a que o mundo est\u00e1 sujeito, a Educa\u00e7\u00e3o deve assumir um papel renovador. A Educa\u00e7\u00e3o deve propiciar a aquisi\u00e7\u00e3o de saberes e saber-fazer de acordo com as transforma\u00e7\u00f5es sociais, econ\u00f4micas, pol\u00edticas e culturais adaptadas a esta nova situa\u00e7\u00e3o, alicer\u00e7ando as compet\u00eancias para o futuro&#8230;&#8221; <\/span><\/i><i><span style=\"font-weight: 400;\">(Delors, 2000).<\/span><\/i><\/p>\n<p style=\"text-align: justify;\"><span style=\"font-weight: 400;\">A escola Domin\u00f3 em parceria com psic\u00f3loga(o), busca proporcionar que seus alunos n\u00e3o se percam em meio a tantas informa\u00e7\u00f5es sem que saibam o que fazer. Trabalha para orient\u00e1-las a projetos individuais e coletivos, nos quais permite criar e a ampliar seus conhecimentos, estabelecendo intera\u00e7\u00f5es para o desenvolvimento de cada aluno. Com base em uma aprendizagem cont\u00ednua, em que os conhecimentos adquiridos durante os primeiros anos de vida possam ser trabalhados, confrontados e aprofundados na Escola Domin\u00f3. Caso seja identificado alguma dificuldade individual \u00e9 indicado um profissional especializado.<\/span><\/p>\n<p>[\/et_pb_text][\/et_pb_column][\/et_pb_row][\/et_pb_section][et_pb_section fb_built=&#8221;1&#8243; admin_label=&#8221;section&#8221; _builder_version=&#8221;3.0.74&#8243; background_color=&#8221;#f7f7f7&#8243; background_image=&#8221;http:\/\/escoladomino.com.br\/site\/wp-content\/uploads\/2018\/01\/Site_bk-Domino-01.jpg&#8221;][et_pb_row admin_label=&#8221;row&#8221; _builder_version=&#8221;3.0.48&#8243; background_size=&#8221;initial&#8221; background_position=&#8221;top_left&#8221; background_repeat=&#8221;repeat&#8221;][et_pb_column type=&#8221;4_4&#8243; _builder_version=&#8221;3.0.47&#8243; parallax=&#8221;off&#8221; parallax_method=&#8221;on&#8221;][et_pb_cta title=&#8221;Tem alguma d\u00favida?&#8221; button_url=&#8221;http:\/\/escoladomino.com.br\/site\/contato\/&#8221; button_text=&#8221;Entre em contato&#8221; admin_label=&#8221;Call To Action&#8221; _builder_version=&#8221;3.16&#8243; header_text_color=&#8221;#ffffff&#8221; use_background_color=&#8221;off&#8221; background_size=&#8221;initial&#8221; background_position=&#8221;top_left&#8221; background_repeat=&#8221;repeat&#8221; button_text_size__hover_enabled=&#8221;off&#8221; button_one_text_size__hover_enabled=&#8221;off&#8221; button_two_text_size__hover_enabled=&#8221;off&#8221; button_text_color__hover_enabled=&#8221;off&#8221; button_one_text_color__hover_enabled=&#8221;off&#8221; button_two_text_color__hover_enabled=&#8221;off&#8221; button_border_width__hover_enabled=&#8221;off&#8221; button_one_border_width__hover_enabled=&#8221;off&#8221; button_two_border_width__hover_enabled=&#8221;off&#8221; button_border_color__hover_enabled=&#8221;off&#8221; button_one_border_color__hover_enabled=&#8221;off&#8221; button_two_border_color__hover_enabled=&#8221;off&#8221; button_border_radius__hover_enabled=&#8221;off&#8221; button_one_border_radius__hover_enabled=&#8221;off&#8221; button_two_border_radius__hover_enabled=&#8221;off&#8221; button_letter_spacing__hover_enabled=&#8221;off&#8221; button_one_letter_spacing__hover_enabled=&#8221;off&#8221; button_two_letter_spacing__hover_enabled=&#8221;off&#8221; button_bg_color__hover_enabled=&#8221;off&#8221; button_one_bg_color__hover_enabled=&#8221;off&#8221; button_two_bg_color__hover_enabled=&#8221;off&#8221;][\/et_pb_cta][\/et_pb_column][\/et_pb_row][\/et_pb_section]<\/p>\n","protected":false},"excerpt":{"rendered":"<p>[et_pb_section fb_built=&#8221;1&#8243; fullwidth=&#8221;on&#8221; admin_label=&#8221;section&#8221; _builder_version=&#8221;3.0.47&#8243; background_image=&#8221;http:\/\/escoladomino.com.br\/site\/wp-content\/uploads\/2017\/04\/banner_quem-somos-domino.jpg&#8221; custom_padding=&#8221;0px|0px|407px|0px&#8221;][\/et_pb_section][et_pb_section fb_built=&#8221;1&#8243; admin_label=&#8221;section&#8221; _builder_version=&#8221;3.0.74&#8243; transparent_background=&#8221;off&#8221; global_module=&#8221;491&#8243;][et_pb_row admin_label=&#8221;row&#8221; _builder_version=&#8221;3.0.48&#8243; background_size=&#8221;initial&#8221; background_position=&#8221;top_left&#8221; background_repeat=&#8221;repeat&#8221;][et_pb_column type=&#8221;4_4&#8243; _builder_version=&#8221;3.0.47&#8243; parallax=&#8221;off&#8221; parallax_method=&#8221;on&#8221;][et_pb_text admin_label=&#8221;Texto&#8221; _builder_version=&#8221;3.0.87&#8243; background_size=&#8221;initial&#8221; background_position=&#8221;top_left&#8221; background_repeat=&#8221;repeat&#8221; use_border_color=&#8221;off&#8221; border_style=&#8221;solid&#8221;] Centro Educacional Domin\u00f3 Ensinar est\u00e1 no nosso DNA. [\/et_pb_text][\/et_pb_column][\/et_pb_row][et_pb_row custom_padding=&#8221;25px|0px|25px|0px&#8221; admin_label=&#8221;row&#8221; _builder_version=&#8221;3.0.48&#8243; background_size=&#8221;initial&#8221; background_position=&#8221;top_left&#8221; background_repeat=&#8221;repeat&#8221;][et_pb_column type=&#8221;1_2&#8243; _builder_version=&#8221;3.0.47&#8243; parallax=&#8221;off&#8221; parallax_method=&#8221;on&#8221;][et_pb_image src=&#8221;http:\/\/escoladomino.com.br\/site\/wp-content\/uploads\/2017\/04\/palyground-escola-domino-1.jpg&#8221; admin_label=&#8221;Imagem&#8221; _builder_version=&#8221;3.0.87&#8243; animation_style=&#8221;slide&#8221; animation_direction=&#8221;left&#8221; animation_duration=&#8221;500ms&#8221; animation_intensity_slide=&#8221;10%&#8221; use_border_color=&#8221;off&#8221; [&hellip;]<\/p>\n","protected":false},"author":1,"featured_media":0,"parent":0,"menu_order":0,"comment_status":"closed","ping_status":"closed","template":"","meta":{"_exactmetrics_skip_tracking":false,"_exactmetrics_sitenote_active":false,"_exactmetrics_sitenote_note":"","_exactmetrics_sitenote_category":0,"footnotes":"","_joinchat":[]},"_links":{"self":[{"href":"https:\/\/escoladomino.com.br\/site\/wp-json\/wp\/v2\/pages\/53"}],"collection":[{"href":"https:\/\/escoladomino.com.br\/site\/wp-json\/wp\/v2\/pages"}],"about":[{"href":"https:\/\/escoladomino.com.br\/site\/wp-json\/wp\/v2\/types\/page"}],"author":[{"embeddable":true,"href":"https:\/\/escoladomino.com.br\/site\/wp-json\/wp\/v2\/users\/1"}],"replies":[{"embeddable":true,"href":"https:\/\/escoladomino.com.br\/site\/wp-json\/wp\/v2\/comments?post=53"}],"version-history":[{"count":19,"href":"https:\/\/escoladomino.com.br\/site\/wp-json\/wp\/v2\/pages\/53\/revisions"}],"predecessor-version":[{"id":797,"href":"https:\/\/escoladomino.com.br\/site\/wp-json\/wp\/v2\/pages\/53\/revisions\/797"}],"wp:attachment":[{"href":"https:\/\/escoladomino.com.br\/site\/wp-json\/wp\/v2\/media?parent=53"}],"curies":[{"name":"wp","href":"https:\/\/api.w.org\/{rel}","templated":true}]}}