{"id":565,"date":"2017-09-13T05:42:12","date_gmt":"2017-09-13T13:42:12","guid":{"rendered":"http:\/\/escoladomino.com.br\/site\/?page_id=565"},"modified":"2017-09-13T11:24:53","modified_gmt":"2017-09-13T19:24:53","slug":"blog","status":"publish","type":"page","link":"https:\/\/escoladomino.com.br\/site\/blog\/","title":{"rendered":"Blog"},"content":{"rendered":"<p>[et_pb_section fb_built=&#8221;1&#8243; background_color=&#8221;rgba(255,38,38,0.78)&#8221; inner_shadow=&#8221;on&#8221; fullwidth=&#8221;on&#8221; admin_label=&#8221;section&#8221;][et_pb_fullwidth_header title=&#8221;Blog &#8211; Tia Mila&#8221; subhead=&#8221;Educa\u00e7\u00e3o e desenvolvimento Pedag\u00f3gico&#8221; background_layout=&#8221;dark&#8221; admin_label=&#8221;Fullwidth Header&#8221;][\/et_pb_fullwidth_header][\/et_pb_section][et_pb_section fb_built=&#8221;1&#8243;][et_pb_row][et_pb_column type=&#8221;4_4&#8243; parallax=&#8221;off&#8221; parallax_method=&#8221;on&#8221;][et_pb_testimonial portrait_url=&#8221;http:\/\/escoladomino.com.br\/site\/wp-content\/uploads\/2017\/09\/20160512_162156.jpg&#8221; use_background_color=&#8221;off&#8221; background_layout=&#8221;light&#8221; portrait_width=&#8221;200px&#8221; portrait_height=&#8221;200px&#8221; inline_fonts=&#8221;Leckerli One&#8221;]<\/p>\n<dl class=\"profile-datablock\">\n<dd class=\"profile-textblock\">\n<p><span style=\"font-weight: normal; font-size: xx-large; font-family: 'Leckerli One'; color: rgba(224, 43, 32, 0.54902);\"><strong>Camila Almeida<\/strong><\/span>\u00a0 j\u00e1 atuou na educa\u00e7\u00e3o estadual, municipal, possui pedagogia e Mestrado em Educa\u00e7\u00e3o. Est\u00e1 h\u00e1 10 anos na Dire\u00e7\u00e3o Pedag\u00f3gica do CED e tamb\u00e9m se dedica \u00e0 forma\u00e7\u00e3o de professores.<\/p>\n<p><em>N\u00e3o sei se a vida \u00e9 curta ou longa para n\u00f3s, mas sei que nada do que vivemos tem sentido, se n\u00e3o tocarmos o cora\u00e7\u00e3o das pessoas.\u00a0Muitas vezes basta ser: colo que acolhe, bra\u00e7o que envolve, palavra que conforta, silencio que respeita, alegria que contagia, l\u00e1grima que corre, olhar que acaricia, desejo que sacia, amor que promove.<\/em><br \/><em>E isso n\u00e3o \u00e9 coisa de outro mundo, \u00e9 o que d\u00e1 sentido \u00e0 vida. \u00c9 o que faz com que ela n\u00e3o seja nem curta, nem longa demais, mas que seja intensa, verdadeira, pura enquanto durar. <\/em><\/p>\n<p><em>&#8220;Feliz aquele que transfere o que sabe e aprende o que ensina.&#8221;<\/em><\/p>\n<p><span><a href=\"http:\/\/pensador.uol.com.br\/autor\/cora_coralina\/\" rel=\"nofollow\" target=\"_blank\">Cora Coralina<\/a><\/span><\/p>\n<\/dd>\n<\/dl>\n<p>[\/et_pb_testimonial][\/et_pb_column][\/et_pb_row][\/et_pb_section][et_pb_section fb_built=&#8221;1&#8243; specialty=&#8221;on&#8221; admin_label=&#8221;section&#8221;][et_pb_column type=&#8221;3_4&#8243; specialty_columns=&#8221;3&#8243;][et_pb_row_inner admin_label=&#8221;row_inner&#8221;][et_pb_column_inner type=&#8221;4_4&#8243; saved_specialty_column_type=&#8221;3_4&#8243; parallax=&#8221;off&#8221; parallax_method=&#8221;on&#8221;][et_pb_blog posts_number=&#8221;6&#8243; offset_number=&#8221;0&#8243; admin_label=&#8221;Blog&#8221;][\/et_pb_blog][\/et_pb_column_inner][\/et_pb_row_inner][\/et_pb_column][et_pb_column type=&#8221;1_4&#8243;][et_pb_sidebar orientation=&#8221;right&#8221; admin_label=&#8221;Sidebar&#8221;][\/et_pb_sidebar][\/et_pb_column][\/et_pb_section]<\/p>\n","protected":false},"excerpt":{"rendered":"<p>[et_pb_section fb_built=&#8221;1&#8243; background_color=&#8221;rgba(255,38,38,0.78)&#8221; inner_shadow=&#8221;on&#8221; fullwidth=&#8221;on&#8221; admin_label=&#8221;section&#8221;][et_pb_fullwidth_header title=&#8221;Blog &#8211; Tia Mila&#8221; subhead=&#8221;Educa\u00e7\u00e3o e desenvolvimento Pedag\u00f3gico&#8221; background_layout=&#8221;dark&#8221; admin_label=&#8221;Fullwidth Header&#8221;][\/et_pb_fullwidth_header][\/et_pb_section][et_pb_section fb_built=&#8221;1&#8243;][et_pb_row][et_pb_column type=&#8221;4_4&#8243; parallax=&#8221;off&#8221; parallax_method=&#8221;on&#8221;][et_pb_testimonial portrait_url=&#8221;http:\/\/escoladomino.com.br\/site\/wp-content\/uploads\/2017\/09\/20160512_162156.jpg&#8221; use_background_color=&#8221;off&#8221; background_layout=&#8221;light&#8221; portrait_width=&#8221;200px&#8221; portrait_height=&#8221;200px&#8221; inline_fonts=&#8221;Leckerli One&#8221;] Camila Almeida\u00a0 j\u00e1 atuou na educa\u00e7\u00e3o estadual, municipal, possui pedagogia e Mestrado em Educa\u00e7\u00e3o. Est\u00e1 h\u00e1 10 anos na Dire\u00e7\u00e3o Pedag\u00f3gica do CED e tamb\u00e9m se dedica [&hellip;]<\/p>\n","protected":false},"author":1,"featured_media":0,"parent":0,"menu_order":0,"comment_status":"closed","ping_status":"closed","template":"","meta":{"_exactmetrics_skip_tracking":false,"_exactmetrics_sitenote_active":false,"_exactmetrics_sitenote_note":"","_exactmetrics_sitenote_category":0,"footnotes":"","_joinchat":[]},"_links":{"self":[{"href":"https:\/\/escoladomino.com.br\/site\/wp-json\/wp\/v2\/pages\/565"}],"collection":[{"href":"https:\/\/escoladomino.com.br\/site\/wp-json\/wp\/v2\/pages"}],"about":[{"href":"https:\/\/escoladomino.com.br\/site\/wp-json\/wp\/v2\/types\/page"}],"author":[{"embeddable":true,"href":"https:\/\/escoladomino.com.br\/site\/wp-json\/wp\/v2\/users\/1"}],"replies":[{"embeddable":true,"href":"https:\/\/escoladomino.com.br\/site\/wp-json\/wp\/v2\/comments?post=565"}],"version-history":[{"count":9,"href":"https:\/\/escoladomino.com.br\/site\/wp-json\/wp\/v2\/pages\/565\/revisions"}],"predecessor-version":[{"id":603,"href":"https:\/\/escoladomino.com.br\/site\/wp-json\/wp\/v2\/pages\/565\/revisions\/603"}],"wp:attachment":[{"href":"https:\/\/escoladomino.com.br\/site\/wp-json\/wp\/v2\/media?parent=565"}],"curies":[{"name":"wp","href":"https:\/\/api.w.org\/{rel}","templated":true}]}}